{"id":615,"date":"2019-05-02T14:18:17","date_gmt":"2019-05-02T17:18:17","guid":{"rendered":"https:\/\/handellog.agiler.com.br\/?page_id=615"},"modified":"2019-05-07T16:54:14","modified_gmt":"2019-05-07T19:54:14","slug":"codificacao-de-mantra","status":"publish","type":"page","link":"https:\/\/handellog.com\/en\/codificacao-de-mantra\/","title":{"rendered":"Codifica\u00e7\u00e3o de Mantra"},"content":{"rendered":"<p style=\"text-align:left\"><strong>Tabelas de Codifica\u00e7\u00e3o &#8211;  Cargas Perec\u00edveis:<\/strong><\/p>\n\n\n\n<p><\/p>\n\n\n\n<table class=\"wp-block-table aligncenter is-style-stripes\"><tbody><tr><td>C\u00f3digo-<\/td><td>Descri\u00e7\u00e3o <\/td><\/tr><tr><td>PEA<\/td><td>Perec\u00edvel,    armazenar entre -18\u00ba e 0\u00ba graus celsius <\/td><\/tr><tr><td>PEB<\/td><td>Perec\u00edvel,    armazenar entre 2\u00ba e 8\u00ba graus celsius <\/td><\/tr><tr><td>PEC<\/td><td>Perec\u00edvel,    armazenar entre 9\u00ba e 15\u00ba graus celsius<\/td><\/tr><tr><td>PED<\/td><td>Perec\u00edvel,    armazenar entre 16\u00ba e 22\u00ba graus celsius <\/td><\/tr><tr><td>PEE<\/td><td>Perec\u00edvel,    armazenar em condi\u00e7\u00f5es especiais <\/td><\/tr><tr><td>PER<\/td><td>Carga    Perec\u00edvel <\/td><\/tr><tr><td>PLS<\/td><td>Plantas e    Sementes <\/td><\/tr><\/tbody><\/table>\n\n\n\n<p><strong>       Tratamento da Carga:     <\/strong><\/p>\n\n\n\n<table class=\"wp-block-table is-style-stripes\"><tbody><tr><td>C\u00f3digo-<\/td><td>Descri\u00e7\u00e3o <\/td><\/tr><tr><td>TC1<\/td><td>Libera\u00e7\u00e3o    Imediata<\/td><\/tr><tr><td>TC2<\/td><td>Tr\u00e2nsito    Rodovi\u00e1rio Imediato<\/td><\/tr><tr><td>TC3<\/td><td>Tr\u00e2nsito    Imediato Nacional<\/td><\/tr><tr><td>TC4<\/td><td>Remo\u00e7\u00e3o    para D.A.P.<\/td><\/tr><tr><td>TC5<\/td><td>Tr\u00e2nsito    Internacional<\/td><\/tr><tr><td>TC6<\/td><td>Carga    Local<\/td><\/tr><tr><td>TC7<\/td><td>Tr\u00e2nsito    Nacional Armazenado<\/td><\/tr><tr><td>TC8<\/td><td>Tr\u00e2nsito    Internacional Armazenado<\/td><\/tr><\/tbody><\/table>\n\n\n\n<p><strong>Tipos de embalagem:<\/strong><br><\/p>\n\n\n\n<table class=\"wp-block-table is-style-stripes\"><tbody><tr><td>C\u00f3digo-<\/td><td>Descri\u00e7\u00e3o <\/td><\/tr><tr><td>01<\/td><td>Tambor de    Pl\u00e1stico <\/td><\/tr><tr><td>02<\/td><td>Tambor de    Metal <\/td><\/tr><tr><td>03<\/td><td>Tambor de    Papel <\/td><\/tr><tr><td>04<\/td><td>Caixa de    Madeira <\/td><\/tr><tr><td>05<\/td><td>Caixa de    Papel\u00e3o <\/td><\/tr><tr><td>06<\/td><td>Caixa de    Isopor <\/td><\/tr><tr><td>07<\/td><td>Saco    Pl\u00e1stico<\/td><\/tr><tr><td>08<\/td><td>Saco de    Aniagem<\/td><\/tr><tr><td>09<\/td><td>Amarrado <\/td><\/tr><tr><td>10<\/td><td>Envelope <\/td><\/tr><tr><td>11<\/td><td>Pacote <\/td><\/tr><tr><td>12<\/td><td>Pe\u00e7a <\/td><\/tr><tr><td>13<\/td><td>Canudo <\/td><\/tr><tr><td>14<\/td><td>Engradado <\/td><\/tr><tr><td>15<\/td><td>Mala    Normal <\/td><\/tr><tr><td>16<\/td><td>Mala    Diplom\u00e1tica <\/td><\/tr><tr><td>17<\/td><td>Urna    Funer\u00e1ria <\/td><\/tr><tr><td>18<\/td><td>Caixa de    Metal <\/td><\/tr><tr><td>19<\/td><td>Ba\u00fa de    Metal <\/td><\/tr><tr><td>20<\/td><td>Ba\u00fa de    Madeira <\/td><\/tr><tr><td>21<\/td><td>Light-van <\/td><\/tr><tr><td>22<\/td><td>Container <\/td><\/tr><tr><td>23<\/td><td>Caixa de    Papel\u00e3o <\/td><\/tr><tr><td>24<\/td><td>Saco de    Lona <\/td><\/tr><tr><td>25<\/td><td>Diversos <\/td><\/tr><\/tbody><\/table>\n\n\n\n<p><strong>Avarias:<\/strong><br><\/p>\n\n\n\n<table class=\"wp-block-table is-style-stripes\"><tbody><tr><td>C\u00f3digo-<\/td><td>Descri\u00e7\u00e3o <\/td><\/tr><tr><td>A<\/td><td>Diferen\u00e7a    de Peso <\/td><\/tr><tr><td>B<\/td><td>Lacre    Violado <\/td><\/tr><tr><td>C<\/td><td>Amassado <\/td><\/tr><tr><td>D<\/td><td>Vazamento <\/td><\/tr><tr><td>E<\/td><td>Quebrado <\/td><\/tr><tr><td>F<\/td><td>Rasgado <\/td><\/tr><tr><td>G<\/td><td>Refitado <\/td><\/tr><tr><td>H<\/td><td>Furado <\/td><\/tr><tr><td>I<\/td><td>Aberto <\/td><\/tr><tr><td>J<\/td><td>Molhado <\/td><\/tr><tr><td>K<\/td><td>Despregado <\/td><\/tr><tr><td>L<\/td><td>Repregado <\/td><\/tr><tr><td>M<\/td><td>Ind\u00edcios    de Viola\u00e7\u00e3o<\/td><\/tr><tr><td>N<\/td><td>Riscado <\/td><\/tr><tr><td>O<\/td><td>Sensor de    Impacto Ativado <\/td><\/tr><tr><td>P<\/td><td>Sensor de    Inclina\u00e7\u00e3o Ativado<\/td><\/tr><tr><td>Q<\/td><td>Carga    Recebida com Altera\u00e7\u00e3o de Informa\u00e7\u00e3o <\/td><\/tr><tr><td>R<\/td><td>Ind\u00edcios    de Deteriora\u00e7\u00e3o <\/td><\/tr><tr><td>S<\/td><td>Carga    Lacrada Pelo Fiel Deposit\u00e1rio <\/td><\/tr><\/tbody><\/table>\n\n\n\n<p><strong>Natureza da Carga:<\/strong><\/p>\n\n\n\n<table class=\"wp-block-table alignleft is-style-stripes\"><tbody><tr><td>C\u00f3digo-<\/td><td>Descri\u00e7\u00e3o <\/td><\/tr><tr><td>AOG<\/td><td>Aeronave    no Ch\u00e3o <\/td><\/tr><tr><td>AVI<\/td><td>Animais    Vivos <\/td><\/tr><tr><td>BIG<\/td><td>Fora dos    Padr\u00f5es <\/td><\/tr><tr><td>BUP<\/td><td>Programe    Padr\u00e3o de Unitiza\u00e7\u00e3o de Volume<\/td><\/tr><tr><td>CAO<\/td><td>Carga    Exclusivamente A\u00e9rea (singular)<\/td><\/tr><tr><td>DIP<\/td><td>Mala    Diplom\u00e1tica <\/td><\/tr><tr><td>EAT<\/td><td>Comest\u00edveis <\/td><\/tr><tr><td>FIL<\/td><td>Filme    por revelar ou n\u00e3o revelado <\/td><\/tr><tr><td>HEA<\/td><td>Carga    Pesada (150Kg ou mais por volume) <\/td><\/tr><tr><td>RCM<\/td><td>Corrosivo <\/td><\/tr><tr><td>REX<\/td><td>Explosivos    (Classes 1.1\/1.2\/1.3\/1.4F) <\/td><\/tr><tr><td>RFG<\/td><td>G\u00e1s    Comprimido Inflam\u00e1vel <\/td><\/tr><tr><td>RFL<\/td><td>L\u00edquido    Inflam\u00e1vel<\/td><\/tr><tr><td>RFS<\/td><td>S\u00f3lido    Inflam\u00e1vel <\/td><\/tr><tr><td>RFW<\/td><td>Perigoso    (se molhar) <\/td><\/tr><tr><td>RHF<\/td><td>Nocivo    (Armazenar Longe de Comest\u00edveis) <\/td><\/tr><tr><td>RIS<\/td><td>Subst\u00e2ncias    Infecciosas <\/td><\/tr><tr><td>RMD<\/td><td>Diversas    Mercadorias Perigosas <\/td><\/tr><tr><td>RNG<\/td><td>G\u00e1s    Comprimido n\u00e3o Inflam\u00e1vel <\/td><\/tr><tr><td>ROP<\/td><td>Per\u00f3xido    Org\u00e2nico <\/td><\/tr><tr><td>ROX<\/td><td>Oxidante <\/td><\/tr><tr><td>RPB<\/td><td>Veneno <\/td><\/tr><tr><td>RRY<\/td><td>Material    Radioativo-Cat II e III <\/td><\/tr><tr><td>RSB<\/td><td>Contas de    Poliestireno <\/td><\/tr><tr><td>RSC<\/td><td>Combust\u00e3o    Espont\u00e2nea <\/td><\/tr><tr><td>RXB<\/td><td>Explosivos    (1.4B) <\/td><\/tr><tr><td>RXC<\/td><td>Explosivos    (1.4C) <\/td><\/tr><tr><td>HEG<\/td><td>Ovos    Fecundados (Galadura) <\/td><\/tr><tr><td>HUM<\/td><td>Restos    Mortais em Esquife <\/td><\/tr><tr><td>ICE<\/td><td>Gelo Seco<\/td><\/tr><tr><td>LHO<\/td><td>rg\u00e3os    vivos ou sangue humano <\/td><\/tr><tr><td>MAG<\/td><td>Material    Magnetizado <\/td><\/tr><tr><td>MUW<\/td><td>Muni\u00e7\u00f5es    de Guerra <\/td><\/tr><tr><td>NWP<\/td><td>Jornais ou    Revistas<\/td><\/tr><tr><td>PER<\/td><td>Carga    Perec\u00edvel <\/td><\/tr><tr><td>RAC<\/td><td>Carga    A\u00e9rea Reservada (Especial) <\/td><\/tr><tr><td>RCL<\/td><td>L\u00edquidos    Criog\u00eanicos <\/td><\/tr><tr><td>NGJ<\/td><td>Carga    perigosa em pequenas quantidades <\/td><\/tr><tr><td>NOR<\/td><td>Normal <\/td><\/tr><tr><td>PEA<\/td><td>Perec\u00edvel    entre -18 e 0 <\/td><\/tr><tr><td>PEB<\/td><td>Perec\u00edvel    entre 2 e 8 <\/td><\/tr><tr><td>PEC<\/td><td>Perec\u00edvel    entre 9 e 15 <\/td><\/tr><tr><td>PED<\/td><td>Perec\u00edvel    entre 16 e 22 <\/td><\/tr><tr><td>PEE<\/td><td>Perec\u00edvel    em condi\u00e7\u00f5es especiais <\/td><\/tr><tr><td>PLS<\/td><td>Plantas e    Sementes <\/td><\/tr><tr><td>RPG<\/td><td>G\u00e1s    venenoso <\/td><\/tr><tr><td>RPW<\/td><td>Material    Radioativo &#8211; Categoria I <\/td><\/tr><tr><td>RRW<\/td><td>Material    Radioativo &#8211; Categoria II <\/td><\/tr><tr><td>RXD<\/td><td>Explosivos    (1.4D) <\/td><\/tr><tr><td>RXE<\/td><td>Explosivos    (1.4E) <\/td><\/tr><tr><td>RXG<\/td><td>Explosivos    (1.4G) <\/td><\/tr><tr><td>RXS<\/td><td>Explosivos    (1.4S) <\/td><\/tr><tr><td>SAL<\/td><td>Correio    Terrestre <\/td><\/tr><tr><td>VAL<\/td><td>Carga    Valiosa <\/td><\/tr><tr><td>VOL<\/td><td>Carga    Volum\u00e9trica ou de Volume <\/td><\/tr><tr><td>ATT<\/td><td>Cargas    relacionadas no AWB <\/td><\/tr><\/tbody><\/table>","protected":false},"excerpt":{"rendered":"<p>Tabelas de Codifica\u00e7\u00e3o &#8211; Cargas Perec\u00edveis: C\u00f3digo- Descri\u00e7\u00e3o PEA Perec\u00edvel, armazenar entre -18\u00ba e 0\u00ba graus celsius PEB Perec\u00edvel, armazenar [&hellip;]<\/p>\n","protected":false},"author":4,"featured_media":0,"parent":0,"menu_order":0,"comment_status":"closed","ping_status":"closed","template":"page-conversao.php","meta":{"_acf_changed":false,"footnotes":""},"class_list":["post-615","page","type-page","status-publish","hentry"],"acf":[],"yoast_head":"<!-- This site is optimized with the Yoast SEO plugin v27.5 - https:\/\/yoast.com\/product\/yoast-seo-wordpress\/ -->\n<title>Codifica\u00e7\u00e3o de Mantra - Handel - Log\u00edstica Internacional<\/title>\n<meta name=\"robots\" content=\"index, follow, max-snippet:-1, max-image-preview:large, max-video-preview:-1\" \/>\n<link rel=\"canonical\" href=\"https:\/\/handellog.com\/en\/codificacao-de-mantra\/\" \/>\n<meta property=\"og:locale\" content=\"en_US\" \/>\n<meta property=\"og:type\" content=\"article\" \/>\n<meta property=\"og:title\" content=\"Codifica\u00e7\u00e3o de Mantra - Handel - Log\u00edstica Internacional\" \/>\n<meta property=\"og:description\" content=\"Tabelas de Codifica\u00e7\u00e3o &#8211; Cargas Perec\u00edveis: C\u00f3digo- Descri\u00e7\u00e3o PEA Perec\u00edvel, armazenar entre -18\u00ba e 0\u00ba graus celsius PEB Perec\u00edvel, armazenar [&hellip;]\" \/>\n<meta property=\"og:url\" content=\"https:\/\/handellog.com\/en\/codificacao-de-mantra\/\" \/>\n<meta property=\"og:site_name\" content=\"Handel - Log\u00edstica Internacional\" \/>\n<meta property=\"article:modified_time\" content=\"2019-05-07T19:54:14+00:00\" \/>\n<meta name=\"twitter:card\" content=\"summary_large_image\" \/>\n<meta name=\"twitter:label1\" content=\"Est. reading time\" \/>\n\t<meta name=\"twitter:data1\" content=\"2 minutes\" \/>\n<script type=\"application\/ld+json\" class=\"yoast-schema-graph\">{\"@context\":\"https:\\\/\\\/schema.org\",\"@graph\":[{\"@type\":\"WebPage\",\"@id\":\"https:\\\/\\\/handellog.com\\\/codificacao-de-mantra\\\/\",\"url\":\"https:\\\/\\\/handellog.com\\\/codificacao-de-mantra\\\/\",\"name\":\"Codifica\u00e7\u00e3o de Mantra - Handel - Log\u00edstica Internacional\",\"isPartOf\":{\"@id\":\"https:\\\/\\\/handellog.com\\\/#website\"},\"datePublished\":\"2019-05-02T17:18:17+00:00\",\"dateModified\":\"2019-05-07T19:54:14+00:00\",\"breadcrumb\":{\"@id\":\"https:\\\/\\\/handellog.com\\\/codificacao-de-mantra\\\/#breadcrumb\"},\"inLanguage\":\"en-US\",\"potentialAction\":[{\"@type\":\"ReadAction\",\"target\":[\"https:\\\/\\\/handellog.com\\\/codificacao-de-mantra\\\/\"]}]},{\"@type\":\"BreadcrumbList\",\"@id\":\"https:\\\/\\\/handellog.com\\\/codificacao-de-mantra\\\/#breadcrumb\",\"itemListElement\":[{\"@type\":\"ListItem\",\"position\":1,\"name\":\"In\u00edcio\",\"item\":\"https:\\\/\\\/handellog.com\\\/\"},{\"@type\":\"ListItem\",\"position\":2,\"name\":\"Codifica\u00e7\u00e3o de Mantra\"}]},{\"@type\":\"WebSite\",\"@id\":\"https:\\\/\\\/handellog.com\\\/#website\",\"url\":\"https:\\\/\\\/handellog.com\\\/\",\"name\":\"Handel - Log\u00edstica Internacional\",\"description\":\"Log\u00edstica Internacional\",\"potentialAction\":[{\"@type\":\"SearchAction\",\"target\":{\"@type\":\"EntryPoint\",\"urlTemplate\":\"https:\\\/\\\/handellog.com\\\/?s={search_term_string}\"},\"query-input\":{\"@type\":\"PropertyValueSpecification\",\"valueRequired\":true,\"valueName\":\"search_term_string\"}}],\"inLanguage\":\"en-US\"}]}<\/script>\n<!-- \/ Yoast SEO plugin. -->","yoast_head_json":{"title":"Codifica\u00e7\u00e3o de Mantra - Handel - Log\u00edstica Internacional","robots":{"index":"index","follow":"follow","max-snippet":"max-snippet:-1","max-image-preview":"max-image-preview:large","max-video-preview":"max-video-preview:-1"},"canonical":"https:\/\/handellog.com\/en\/codificacao-de-mantra\/","og_locale":"en_US","og_type":"article","og_title":"Codifica\u00e7\u00e3o de Mantra - Handel - Log\u00edstica Internacional","og_description":"Tabelas de Codifica\u00e7\u00e3o &#8211; Cargas Perec\u00edveis: C\u00f3digo- Descri\u00e7\u00e3o PEA Perec\u00edvel, armazenar entre -18\u00ba e 0\u00ba graus celsius PEB Perec\u00edvel, armazenar [&hellip;]","og_url":"https:\/\/handellog.com\/en\/codificacao-de-mantra\/","og_site_name":"Handel - Log\u00edstica Internacional","article_modified_time":"2019-05-07T19:54:14+00:00","twitter_card":"summary_large_image","twitter_misc":{"Est. reading time":"2 minutes"},"schema":{"@context":"https:\/\/schema.org","@graph":[{"@type":"WebPage","@id":"https:\/\/handellog.com\/codificacao-de-mantra\/","url":"https:\/\/handellog.com\/codificacao-de-mantra\/","name":"Codifica\u00e7\u00e3o de Mantra - Handel - Log\u00edstica Internacional","isPartOf":{"@id":"https:\/\/handellog.com\/#website"},"datePublished":"2019-05-02T17:18:17+00:00","dateModified":"2019-05-07T19:54:14+00:00","breadcrumb":{"@id":"https:\/\/handellog.com\/codificacao-de-mantra\/#breadcrumb"},"inLanguage":"en-US","potentialAction":[{"@type":"ReadAction","target":["https:\/\/handellog.com\/codificacao-de-mantra\/"]}]},{"@type":"BreadcrumbList","@id":"https:\/\/handellog.com\/codificacao-de-mantra\/#breadcrumb","itemListElement":[{"@type":"ListItem","position":1,"name":"In\u00edcio","item":"https:\/\/handellog.com\/"},{"@type":"ListItem","position":2,"name":"Codifica\u00e7\u00e3o de Mantra"}]},{"@type":"WebSite","@id":"https:\/\/handellog.com\/#website","url":"https:\/\/handellog.com\/","name":"Handel - Log\u00edstica Internacional","description":"Log\u00edstica Internacional","potentialAction":[{"@type":"SearchAction","target":{"@type":"EntryPoint","urlTemplate":"https:\/\/handellog.com\/?s={search_term_string}"},"query-input":{"@type":"PropertyValueSpecification","valueRequired":true,"valueName":"search_term_string"}}],"inLanguage":"en-US"}]}},"_links":{"self":[{"href":"https:\/\/handellog.com\/en\/wp-json\/wp\/v2\/pages\/615","targetHints":{"allow":["GET"]}}],"collection":[{"href":"https:\/\/handellog.com\/en\/wp-json\/wp\/v2\/pages"}],"about":[{"href":"https:\/\/handellog.com\/en\/wp-json\/wp\/v2\/types\/page"}],"author":[{"embeddable":true,"href":"https:\/\/handellog.com\/en\/wp-json\/wp\/v2\/users\/4"}],"replies":[{"embeddable":true,"href":"https:\/\/handellog.com\/en\/wp-json\/wp\/v2\/comments?post=615"}],"version-history":[{"count":19,"href":"https:\/\/handellog.com\/en\/wp-json\/wp\/v2\/pages\/615\/revisions"}],"predecessor-version":[{"id":658,"href":"https:\/\/handellog.com\/en\/wp-json\/wp\/v2\/pages\/615\/revisions\/658"}],"wp:attachment":[{"href":"https:\/\/handellog.com\/en\/wp-json\/wp\/v2\/media?parent=615"}],"curies":[{"name":"wp","href":"https:\/\/api.w.org\/{rel}","templated":true}]}}