{"id":7,"date":"2019-03-01T22:03:45","date_gmt":"2019-03-02T01:03:45","guid":{"rendered":"http:\/\/handellog.webcommerce.online\/?page_id=7"},"modified":"2019-05-02T19:03:26","modified_gmt":"2019-05-02T22:03:26","slug":"quem-somos","status":"publish","type":"page","link":"https:\/\/handellog.com\/en\/quem-somos\/","title":{"rendered":"About us"},"content":{"rendered":"<p style=\"text-align: justify;\">A Handel Log\u00edstica \u00e9 uma empresa liderada por profissionais com s\u00f3lida experi\u00eancia em com\u00e9rcio internacional, operando em todos os setores do segmento. Acompanhando as tend\u00eancia e o dinamismo do mercado, a Handel desenvolveu alternativas para atingir maior competitividade e oferecer servi\u00e7os que atendam, com efici\u00eancia e qualidade, as necessidades de seus clientes. As atividades da Handel abrangem as \u00e1reas de consultoria, assessoria, desembara\u00e7o aduaneiro, agenciamento internacional, transporte e distribui\u00e7\u00e3o de carga, propiciando \u00e0s empresas otimiza\u00e7\u00e3o de tempo, recursos humanos e materiais.<\/p>\n<p><img loading=\"lazy\" decoding=\"async\" class=\"alignnone size-full wp-image-27\" src=\"http:\/\/handellog.webcommerce.online\/wp-content\/uploads\/2019\/03\/bg-home.jpg\" alt=\"\" width=\"1920\" height=\"1080\" srcset=\"https:\/\/handellog.com\/wp-content\/uploads\/2019\/03\/bg-home.jpg 1920w, https:\/\/handellog.com\/wp-content\/uploads\/2019\/03\/bg-home-300x169.jpg 300w, https:\/\/handellog.com\/wp-content\/uploads\/2019\/03\/bg-home-768x432.jpg 768w, https:\/\/handellog.com\/wp-content\/uploads\/2019\/03\/bg-home-1024x576.jpg 1024w\" sizes=\"auto, (max-width: 1920px) 100vw, 1920px\" \/><\/p>\n<p style=\"text-align: justify;\">Esse perfeito equil\u00edbrio entre os servi\u00e7os prestados contribui para um menor custo final e uma qualidade total. A Handel se prop\u00f5e a oferecer um servi\u00e7o diferenciado, apoiando a sua estrutura em uma equipe de profissionais especializados, din\u00e2micos e dedicados. Estamos no mercado com a finalidade de lhe oferecer solu\u00e7\u00f5es pr\u00e1ticas e inteligentes. Atuamos em todo o Brasil e contamos com escrit\u00f3rio estrategicamente instalado no Porto de Santos.<\/p>\n<p style=\"text-align: justify;\">A Handel Log\u00edstica coloca-se \u00e0 disposi\u00e7\u00e3o para atend\u00ea-lo!<\/p>\n<p><strong>Call center:<\/strong><\/p>\n<ul>\n<li>+55 (13) 3219-7244<br \/>\nEmail: <a href=\"mailto:contato@handellog.com\" target=\"_blank\" rel=\"noopener noreferrer\">contato@handellog.com<\/a><\/li>\n<\/ul>\n<p><strong>Escrit\u00f3rio matriz:<\/strong><\/p>\n<ul>\n<li>Av. S\u00e3o Francisco, 65 &#8211; conj. 93<\/li>\n<li>Centro \u2013 Santos\/SP<\/li>\n<li>CEP: 11013-201<\/li>\n<\/ul>","protected":false},"excerpt":{"rendered":"<p>A Handel Log\u00edstica \u00e9 uma empresa liderada por profissionais com s\u00f3lida experi\u00eancia em com\u00e9rcio internacional, operando em todos os setores [&hellip;]<\/p>\n","protected":false},"author":1,"featured_media":0,"parent":0,"menu_order":0,"comment_status":"closed","ping_status":"closed","template":"page-quem-somos.php","meta":{"_acf_changed":false,"footnotes":""},"class_list":["post-7","page","type-page","status-publish","hentry"],"acf":[],"yoast_head":"<!-- This site is optimized with the Yoast SEO plugin v27.5 - https:\/\/yoast.com\/product\/yoast-seo-wordpress\/ -->\n<title>Quem somos - Handel - Log\u00edstica Internacional<\/title>\n<meta name=\"robots\" content=\"index, follow, max-snippet:-1, max-image-preview:large, max-video-preview:-1\" \/>\n<link rel=\"canonical\" href=\"https:\/\/handellog.com\/en\/quem-somos\/\" \/>\n<meta property=\"og:locale\" content=\"en_US\" \/>\n<meta property=\"og:type\" content=\"article\" \/>\n<meta property=\"og:title\" content=\"Quem somos - Handel - Log\u00edstica Internacional\" \/>\n<meta property=\"og:description\" content=\"A Handel Log\u00edstica \u00e9 uma empresa liderada por profissionais com s\u00f3lida experi\u00eancia em com\u00e9rcio internacional, operando em todos os setores [&hellip;]\" \/>\n<meta property=\"og:url\" content=\"https:\/\/handellog.com\/en\/quem-somos\/\" \/>\n<meta property=\"og:site_name\" content=\"Handel - Log\u00edstica Internacional\" \/>\n<meta property=\"article:modified_time\" content=\"2019-05-02T22:03:26+00:00\" \/>\n<meta property=\"og:image\" content=\"https:\/\/handellog.com\/wp-content\/uploads\/2019\/03\/bg-home.jpg\" \/>\n\t<meta property=\"og:image:width\" content=\"1920\" \/>\n\t<meta property=\"og:image:height\" content=\"1080\" \/>\n\t<meta property=\"og:image:type\" content=\"image\/jpeg\" \/>\n<meta name=\"twitter:card\" content=\"summary_large_image\" \/>\n<meta name=\"twitter:label1\" content=\"Est. reading time\" \/>\n\t<meta name=\"twitter:data1\" content=\"1 minute\" \/>\n<script type=\"application\/ld+json\" class=\"yoast-schema-graph\">{\"@context\":\"https:\\\/\\\/schema.org\",\"@graph\":[{\"@type\":\"WebPage\",\"@id\":\"https:\\\/\\\/handellog.com\\\/quem-somos\\\/\",\"url\":\"https:\\\/\\\/handellog.com\\\/quem-somos\\\/\",\"name\":\"Quem somos - Handel - Log\u00edstica Internacional\",\"isPartOf\":{\"@id\":\"https:\\\/\\\/handellog.com\\\/#website\"},\"primaryImageOfPage\":{\"@id\":\"https:\\\/\\\/handellog.com\\\/quem-somos\\\/#primaryimage\"},\"image\":{\"@id\":\"https:\\\/\\\/handellog.com\\\/quem-somos\\\/#primaryimage\"},\"thumbnailUrl\":\"http:\\\/\\\/handellog.webcommerce.online\\\/wp-content\\\/uploads\\\/2019\\\/03\\\/bg-home.jpg\",\"datePublished\":\"2019-03-02T01:03:45+00:00\",\"dateModified\":\"2019-05-02T22:03:26+00:00\",\"breadcrumb\":{\"@id\":\"https:\\\/\\\/handellog.com\\\/quem-somos\\\/#breadcrumb\"},\"inLanguage\":\"en-US\",\"potentialAction\":[{\"@type\":\"ReadAction\",\"target\":[\"https:\\\/\\\/handellog.com\\\/quem-somos\\\/\"]}]},{\"@type\":\"ImageObject\",\"inLanguage\":\"en-US\",\"@id\":\"https:\\\/\\\/handellog.com\\\/quem-somos\\\/#primaryimage\",\"url\":\"http:\\\/\\\/handellog.webcommerce.online\\\/wp-content\\\/uploads\\\/2019\\\/03\\\/bg-home.jpg\",\"contentUrl\":\"http:\\\/\\\/handellog.webcommerce.online\\\/wp-content\\\/uploads\\\/2019\\\/03\\\/bg-home.jpg\"},{\"@type\":\"BreadcrumbList\",\"@id\":\"https:\\\/\\\/handellog.com\\\/quem-somos\\\/#breadcrumb\",\"itemListElement\":[{\"@type\":\"ListItem\",\"position\":1,\"name\":\"In\u00edcio\",\"item\":\"https:\\\/\\\/handellog.com\\\/\"},{\"@type\":\"ListItem\",\"position\":2,\"name\":\"Quem somos\"}]},{\"@type\":\"WebSite\",\"@id\":\"https:\\\/\\\/handellog.com\\\/#website\",\"url\":\"https:\\\/\\\/handellog.com\\\/\",\"name\":\"Handel - Log\u00edstica Internacional\",\"description\":\"Log\u00edstica Internacional\",\"potentialAction\":[{\"@type\":\"SearchAction\",\"target\":{\"@type\":\"EntryPoint\",\"urlTemplate\":\"https:\\\/\\\/handellog.com\\\/?s={search_term_string}\"},\"query-input\":{\"@type\":\"PropertyValueSpecification\",\"valueRequired\":true,\"valueName\":\"search_term_string\"}}],\"inLanguage\":\"en-US\"}]}<\/script>\n<!-- \/ Yoast SEO plugin. -->","yoast_head_json":{"title":"Quem somos - Handel - Log\u00edstica Internacional","robots":{"index":"index","follow":"follow","max-snippet":"max-snippet:-1","max-image-preview":"max-image-preview:large","max-video-preview":"max-video-preview:-1"},"canonical":"https:\/\/handellog.com\/en\/quem-somos\/","og_locale":"en_US","og_type":"article","og_title":"Quem somos - Handel - Log\u00edstica Internacional","og_description":"A Handel Log\u00edstica \u00e9 uma empresa liderada por profissionais com s\u00f3lida experi\u00eancia em com\u00e9rcio internacional, operando em todos os setores [&hellip;]","og_url":"https:\/\/handellog.com\/en\/quem-somos\/","og_site_name":"Handel - Log\u00edstica Internacional","article_modified_time":"2019-05-02T22:03:26+00:00","og_image":[{"width":1920,"height":1080,"url":"https:\/\/handellog.com\/wp-content\/uploads\/2019\/03\/bg-home.jpg","type":"image\/jpeg"}],"twitter_card":"summary_large_image","twitter_misc":{"Est. reading time":"1 minute"},"schema":{"@context":"https:\/\/schema.org","@graph":[{"@type":"WebPage","@id":"https:\/\/handellog.com\/quem-somos\/","url":"https:\/\/handellog.com\/quem-somos\/","name":"Quem somos - Handel - Log\u00edstica Internacional","isPartOf":{"@id":"https:\/\/handellog.com\/#website"},"primaryImageOfPage":{"@id":"https:\/\/handellog.com\/quem-somos\/#primaryimage"},"image":{"@id":"https:\/\/handellog.com\/quem-somos\/#primaryimage"},"thumbnailUrl":"http:\/\/handellog.webcommerce.online\/wp-content\/uploads\/2019\/03\/bg-home.jpg","datePublished":"2019-03-02T01:03:45+00:00","dateModified":"2019-05-02T22:03:26+00:00","breadcrumb":{"@id":"https:\/\/handellog.com\/quem-somos\/#breadcrumb"},"inLanguage":"en-US","potentialAction":[{"@type":"ReadAction","target":["https:\/\/handellog.com\/quem-somos\/"]}]},{"@type":"ImageObject","inLanguage":"en-US","@id":"https:\/\/handellog.com\/quem-somos\/#primaryimage","url":"http:\/\/handellog.webcommerce.online\/wp-content\/uploads\/2019\/03\/bg-home.jpg","contentUrl":"http:\/\/handellog.webcommerce.online\/wp-content\/uploads\/2019\/03\/bg-home.jpg"},{"@type":"BreadcrumbList","@id":"https:\/\/handellog.com\/quem-somos\/#breadcrumb","itemListElement":[{"@type":"ListItem","position":1,"name":"In\u00edcio","item":"https:\/\/handellog.com\/"},{"@type":"ListItem","position":2,"name":"Quem somos"}]},{"@type":"WebSite","@id":"https:\/\/handellog.com\/#website","url":"https:\/\/handellog.com\/","name":"Handel - Log\u00edstica Internacional","description":"Log\u00edstica Internacional","potentialAction":[{"@type":"SearchAction","target":{"@type":"EntryPoint","urlTemplate":"https:\/\/handellog.com\/?s={search_term_string}"},"query-input":{"@type":"PropertyValueSpecification","valueRequired":true,"valueName":"search_term_string"}}],"inLanguage":"en-US"}]}},"_links":{"self":[{"href":"https:\/\/handellog.com\/en\/wp-json\/wp\/v2\/pages\/7","targetHints":{"allow":["GET"]}}],"collection":[{"href":"https:\/\/handellog.com\/en\/wp-json\/wp\/v2\/pages"}],"about":[{"href":"https:\/\/handellog.com\/en\/wp-json\/wp\/v2\/types\/page"}],"author":[{"embeddable":true,"href":"https:\/\/handellog.com\/en\/wp-json\/wp\/v2\/users\/1"}],"replies":[{"embeddable":true,"href":"https:\/\/handellog.com\/en\/wp-json\/wp\/v2\/comments?post=7"}],"version-history":[{"count":25,"href":"https:\/\/handellog.com\/en\/wp-json\/wp\/v2\/pages\/7\/revisions"}],"predecessor-version":[{"id":653,"href":"https:\/\/handellog.com\/en\/wp-json\/wp\/v2\/pages\/7\/revisions\/653"}],"wp:attachment":[{"href":"https:\/\/handellog.com\/en\/wp-json\/wp\/v2\/media?parent=7"}],"curies":[{"name":"wp","href":"https:\/\/api.w.org\/{rel}","templated":true}]}}