{"id":8,"date":"2019-03-01T22:04:03","date_gmt":"2019-03-02T01:04:03","guid":{"rendered":"http:\/\/handellog.webcommerce.online\/?page_id=8"},"modified":"2019-04-02T17:22:50","modified_gmt":"2019-04-02T20:22:50","slug":"links-uteis","status":"publish","type":"page","link":"https:\/\/handellog.com\/en\/links-uteis\/","title":{"rendered":"Useful links"},"content":{"rendered":"<p style=\"text-align: center;\"><strong>ANVISA &#8211; Ag\u00eancia Nacional de Vigil\u00e2ncia Sanit\u00e1ria<\/strong><br \/>\n<a href=\"http:\/\/www.anvisa.gov.br\" target=\"_blank\" rel=\"noopener\">http:\/\/www.anvisa.gov.br<\/a><\/p>\n<p style=\"text-align: center;\"><strong>Associa\u00e7\u00e3o Brasileira de Consultoria e Assessoria em Com\u00e9rcio Exterior<\/strong><br \/>\n<a href=\"http:\/\/www.abracomex.org\" target=\"_blank\" rel=\"noopener\">http:\/\/www.abracomex.org<\/a><\/p>\n<p style=\"text-align: center;\"><strong>Banco Central do Brasil<\/strong><br \/>\n<a href=\"https:\/\/www.bcb.gov.br\/\" target=\"_blank\" rel=\"noopener\">https:\/\/www.bcb.gov.br\/<\/a><\/p>\n<p style=\"text-align: center;\"><strong>IBAMA \u2013 Instituto Brasileiro do Meio Ambiente e dos Recursos Naturais Renov\u00e1veis<\/strong><br \/>\n<a href=\"http:\/\/www.ibama.gov.br\" target=\"_blank\" rel=\"noopener\">http:\/\/www.ibama.gov.br<\/a><\/p>\n<p style=\"text-align: center;\"><strong>INMETRO &#8211; Instituto Nacional de Metrologia<\/strong><br \/>\n<a href=\"http:\/\/www.inmetro.gov.br\" target=\"_blank\" rel=\"noopener\">http:\/\/www.inmetro.gov.br<\/a><\/p>\n<p style=\"text-align: center;\"><strong>Orquestra (INMETRO)<\/strong><br \/>\n<a href=\"https:\/\/orquestra.inmetro.gov.br\" target=\"_blank\" rel=\"noopener\">https:\/\/orquestra.inmetro.gov.br<\/a><\/p>\n<p style=\"text-align: center;\"><strong>Minist\u00e9rio do Desenvolvimento<\/strong><br \/>\n<a href=\"http:\/\/www.desenvolvimento.gov.br\" target=\"_blank\" rel=\"noopener\">http:\/\/www.desenvolvimento.gov.br<\/a><\/p>\n<p style=\"text-align: center;\"><strong>Minist\u00e9rio da Agricultura, Pecu\u00e1ria e Abastecimento (Mapa)<\/strong><br \/>\n<a href=\"http:\/\/www.agricultura.gov.br\" target=\"_blank\" rel=\"noopener\">http:\/\/www.agricultura.gov.br<\/a><\/p>\n<p style=\"text-align: center;\"><strong>Portal Brasileiro de Com\u00e9rcio Exterior<\/strong><br \/>\n<a href=\"http:\/\/www.comexbrasil.gov.br\" target=\"_blank\" rel=\"noopener\">http:\/\/www.comexbrasil.gov.br<\/a><\/p>\n<p style=\"text-align: center;\"><strong>Portal Siscomex<\/strong><br \/>\n<a href=\"http:\/\/www.portalsiscomex.gov.br\" target=\"_blank\" rel=\"noopener\">http:\/\/www.portalsiscomex.gov.br<\/a><\/p>\n<p style=\"text-align: center;\"><strong>Regulamento Aduaneiro<\/strong><br \/>\n<a href=\"http:\/\/www.planalto.gov.br\/ccivil_03\/_Ato2007-2010\/2009\/Decreto\/D6759.htm\" target=\"_blank\" rel=\"noopener\">http:\/\/www.planalto.gov.br\/ccivil_03\/_Ato2007-2010\/2009\/Decreto\/D6759.htm<\/a><\/p>\n<p style=\"text-align: center;\"><strong>Receita Federal do Brasil<\/strong><br \/>\n<a href=\"http:\/\/www.receita.fazenda.gov.br\" target=\"_blank\" rel=\"noopener\">http:\/\/www.receita.fazenda.gov.br<\/a><\/p>\n<p style=\"text-align: center;\"><strong>WTO \u2013 World Trade Organization<\/strong><br \/>\n<a href=\"http:\/\/www.wto.org\" target=\"_blank\" rel=\"noopener\">http:\/\/www.wto.org<\/a><\/p>","protected":false},"excerpt":{"rendered":"<p>ANVISA &#8211; Ag\u00eancia Nacional de Vigil\u00e2ncia Sanit\u00e1ria http:\/\/www.anvisa.gov.br Associa\u00e7\u00e3o Brasileira de Consultoria e Assessoria em Com\u00e9rcio Exterior http:\/\/www.abracomex.org Banco Central [&hellip;]<\/p>\n","protected":false},"author":1,"featured_media":0,"parent":0,"menu_order":0,"comment_status":"closed","ping_status":"closed","template":"page-links-uteis.php","meta":{"_acf_changed":false,"footnotes":""},"class_list":["post-8","page","type-page","status-publish","hentry"],"acf":[],"yoast_head":"<!-- This site is optimized with the Yoast SEO plugin v27.5 - https:\/\/yoast.com\/product\/yoast-seo-wordpress\/ -->\n<title>Links \u00fateis - Handel - Log\u00edstica Internacional<\/title>\n<meta name=\"robots\" content=\"index, follow, max-snippet:-1, max-image-preview:large, max-video-preview:-1\" \/>\n<link rel=\"canonical\" href=\"https:\/\/handellog.com\/en\/links-uteis\/\" \/>\n<meta property=\"og:locale\" content=\"en_US\" \/>\n<meta property=\"og:type\" content=\"article\" \/>\n<meta property=\"og:title\" content=\"Links \u00fateis - Handel - Log\u00edstica Internacional\" \/>\n<meta property=\"og:description\" content=\"ANVISA &#8211; Ag\u00eancia Nacional de Vigil\u00e2ncia Sanit\u00e1ria http:\/\/www.anvisa.gov.br Associa\u00e7\u00e3o Brasileira de Consultoria e Assessoria em Com\u00e9rcio Exterior http:\/\/www.abracomex.org Banco Central [&hellip;]\" \/>\n<meta property=\"og:url\" content=\"https:\/\/handellog.com\/en\/links-uteis\/\" \/>\n<meta property=\"og:site_name\" content=\"Handel - Log\u00edstica Internacional\" \/>\n<meta property=\"article:modified_time\" content=\"2019-04-02T20:22:50+00:00\" \/>\n<meta name=\"twitter:card\" content=\"summary_large_image\" \/>\n<meta name=\"twitter:label1\" content=\"Est. reading time\" \/>\n\t<meta name=\"twitter:data1\" content=\"1 minute\" \/>\n<script type=\"application\/ld+json\" class=\"yoast-schema-graph\">{\"@context\":\"https:\\\/\\\/schema.org\",\"@graph\":[{\"@type\":\"WebPage\",\"@id\":\"https:\\\/\\\/handellog.com\\\/links-uteis\\\/\",\"url\":\"https:\\\/\\\/handellog.com\\\/links-uteis\\\/\",\"name\":\"Links \u00fateis - Handel - Log\u00edstica Internacional\",\"isPartOf\":{\"@id\":\"https:\\\/\\\/handellog.com\\\/#website\"},\"datePublished\":\"2019-03-02T01:04:03+00:00\",\"dateModified\":\"2019-04-02T20:22:50+00:00\",\"breadcrumb\":{\"@id\":\"https:\\\/\\\/handellog.com\\\/links-uteis\\\/#breadcrumb\"},\"inLanguage\":\"en-US\",\"potentialAction\":[{\"@type\":\"ReadAction\",\"target\":[\"https:\\\/\\\/handellog.com\\\/links-uteis\\\/\"]}]},{\"@type\":\"BreadcrumbList\",\"@id\":\"https:\\\/\\\/handellog.com\\\/links-uteis\\\/#breadcrumb\",\"itemListElement\":[{\"@type\":\"ListItem\",\"position\":1,\"name\":\"In\u00edcio\",\"item\":\"https:\\\/\\\/handellog.com\\\/\"},{\"@type\":\"ListItem\",\"position\":2,\"name\":\"Links \u00fateis\"}]},{\"@type\":\"WebSite\",\"@id\":\"https:\\\/\\\/handellog.com\\\/#website\",\"url\":\"https:\\\/\\\/handellog.com\\\/\",\"name\":\"Handel - Log\u00edstica Internacional\",\"description\":\"Log\u00edstica Internacional\",\"potentialAction\":[{\"@type\":\"SearchAction\",\"target\":{\"@type\":\"EntryPoint\",\"urlTemplate\":\"https:\\\/\\\/handellog.com\\\/?s={search_term_string}\"},\"query-input\":{\"@type\":\"PropertyValueSpecification\",\"valueRequired\":true,\"valueName\":\"search_term_string\"}}],\"inLanguage\":\"en-US\"}]}<\/script>\n<!-- \/ Yoast SEO plugin. -->","yoast_head_json":{"title":"Links \u00fateis - Handel - Log\u00edstica Internacional","robots":{"index":"index","follow":"follow","max-snippet":"max-snippet:-1","max-image-preview":"max-image-preview:large","max-video-preview":"max-video-preview:-1"},"canonical":"https:\/\/handellog.com\/en\/links-uteis\/","og_locale":"en_US","og_type":"article","og_title":"Links \u00fateis - Handel - Log\u00edstica Internacional","og_description":"ANVISA &#8211; Ag\u00eancia Nacional de Vigil\u00e2ncia Sanit\u00e1ria http:\/\/www.anvisa.gov.br Associa\u00e7\u00e3o Brasileira de Consultoria e Assessoria em Com\u00e9rcio Exterior http:\/\/www.abracomex.org Banco Central [&hellip;]","og_url":"https:\/\/handellog.com\/en\/links-uteis\/","og_site_name":"Handel - Log\u00edstica Internacional","article_modified_time":"2019-04-02T20:22:50+00:00","twitter_card":"summary_large_image","twitter_misc":{"Est. reading time":"1 minute"},"schema":{"@context":"https:\/\/schema.org","@graph":[{"@type":"WebPage","@id":"https:\/\/handellog.com\/links-uteis\/","url":"https:\/\/handellog.com\/links-uteis\/","name":"Links \u00fateis - Handel - Log\u00edstica Internacional","isPartOf":{"@id":"https:\/\/handellog.com\/#website"},"datePublished":"2019-03-02T01:04:03+00:00","dateModified":"2019-04-02T20:22:50+00:00","breadcrumb":{"@id":"https:\/\/handellog.com\/links-uteis\/#breadcrumb"},"inLanguage":"en-US","potentialAction":[{"@type":"ReadAction","target":["https:\/\/handellog.com\/links-uteis\/"]}]},{"@type":"BreadcrumbList","@id":"https:\/\/handellog.com\/links-uteis\/#breadcrumb","itemListElement":[{"@type":"ListItem","position":1,"name":"In\u00edcio","item":"https:\/\/handellog.com\/"},{"@type":"ListItem","position":2,"name":"Links \u00fateis"}]},{"@type":"WebSite","@id":"https:\/\/handellog.com\/#website","url":"https:\/\/handellog.com\/","name":"Handel - Log\u00edstica Internacional","description":"Log\u00edstica Internacional","potentialAction":[{"@type":"SearchAction","target":{"@type":"EntryPoint","urlTemplate":"https:\/\/handellog.com\/?s={search_term_string}"},"query-input":{"@type":"PropertyValueSpecification","valueRequired":true,"valueName":"search_term_string"}}],"inLanguage":"en-US"}]}},"_links":{"self":[{"href":"https:\/\/handellog.com\/en\/wp-json\/wp\/v2\/pages\/8","targetHints":{"allow":["GET"]}}],"collection":[{"href":"https:\/\/handellog.com\/en\/wp-json\/wp\/v2\/pages"}],"about":[{"href":"https:\/\/handellog.com\/en\/wp-json\/wp\/v2\/types\/page"}],"author":[{"embeddable":true,"href":"https:\/\/handellog.com\/en\/wp-json\/wp\/v2\/users\/1"}],"replies":[{"embeddable":true,"href":"https:\/\/handellog.com\/en\/wp-json\/wp\/v2\/comments?post=8"}],"version-history":[{"count":6,"href":"https:\/\/handellog.com\/en\/wp-json\/wp\/v2\/pages\/8\/revisions"}],"predecessor-version":[{"id":551,"href":"https:\/\/handellog.com\/en\/wp-json\/wp\/v2\/pages\/8\/revisions\/551"}],"wp:attachment":[{"href":"https:\/\/handellog.com\/en\/wp-json\/wp\/v2\/media?parent=8"}],"curies":[{"name":"wp","href":"https:\/\/api.w.org\/{rel}","templated":true}]}}